{"id":328,"date":"2024-10-08T23:19:21","date_gmt":"2024-10-08T23:19:21","guid":{"rendered":"https:\/\/chollophone.com\/about\/"},"modified":"2024-10-11T15:26:32","modified_gmt":"2024-10-11T15:26:32","slug":"about","status":"publish","type":"page","link":"https:\/\/chollophone.com\/en\/about\/","title":{"rendered":"About Us"},"content":{"rendered":"<div class=\"wp-block-uagb-container uagb-block-2ff557b3 alignfull uagb-is-root-container\"><div class=\"uagb-container-inner-blocks-wrap\"><div class=\"wp-block-uagb-advanced-heading uagb-block-834bc74a\"><h1 class=\"uagb-heading-text\"><a href=\"CholloPhone: El iPhone que quieres, al precio que necesitas.\">CholloPhone: the iPhone you want, at the price you need.<\/a><\/h1><p class=\"uagb-desc-text\">In <strong>CholloPhone<\/strong>we offer <strong>iPhones refurbished<\/strong> with the same quality and performance to a new device. Each iPhone reconditioned goes through a rigorous process of revision and restoration to ensure that it functions as if it were fresh out of the factory.<\/p><\/div><\/div><\/div><div class=\"wp-block-uagb-container uagb-block-c69ea5a4 alignfull uagb-is-root-container\"><div class=\"uagb-container-inner-blocks-wrap\"><div class=\"wp-block-uagb-image uagb-block-e2e4b39d wp-block-uagb-image--layout-default wp-block-uagb-image--effect-static wp-block-uagb-image--align-none\"><figure class=\"wp-block-uagb-image__figure\"><img decoding=\"async\" srcset=\"https:\/\/chollophone.com\/wp-content\/uploads\/2024\/10\/000000-0000-2.png ,https:\/\/chollophone.com\/wp-content\/uploads\/2024\/10\/000000-0000-2.png 780w, https:\/\/chollophone.com\/wp-content\/uploads\/2024\/10\/000000-0000-2.png 360w\" sizes=\"(max-width: 480px) 150px\" src=\"https:\/\/chollophone.com\/wp-content\/uploads\/2024\/10\/000000-0000-2.png\" alt=\"\" class=\"uag-image-2776\" width=\"1200\" height=\"500\" title=\"(00)0000-0000 (2)\" loading=\"lazy\" role=\"img\"\/><\/figure><\/div><\/div><\/div><div class=\"wp-block-uagb-container uagb-block-569d153c alignfull uagb-is-root-container\"><div class=\"uagb-container-inner-blocks-wrap\"><div class=\"wp-block-uagb-container uagb-layout-grid uagb-block-08bcd5b3 alignfull uagb-is-root-container\"><div class=\"uagb-container-inner-blocks-wrap\"><div class=\"wp-block-uagb-image alignleft uagb-block-85bc0136 wp-block-uagb-image--layout-default wp-block-uagb-image--effect-static wp-block-uagb-image--align-left\"><figure class=\"wp-block-uagb-image__figure\"><img decoding=\"async\" srcset=\"https:\/\/chollophone.com\/wp-content\/uploads\/2024\/10\/DALL\u00b7E-2024-10-11-10.05.22-A-minimalist-and-clean-representation-of-the-company-CholloPhone-inspired-by-the-aesthetics-of-Apple.-The-image-should-feature-a-sleek-white-envir.webp ,https:\/\/chollophone.com\/wp-content\/uploads\/2024\/10\/DALL\u00b7E-2024-10-11-10.05.22-A-minimalist-and-clean-representation-of-the-company-CholloPhone-inspired-by-the-aesthetics-of-Apple.-The-image-should-feature-a-sleek-white-envir.webp 780w, https:\/\/chollophone.com\/wp-content\/uploads\/2024\/10\/DALL\u00b7E-2024-10-11-10.05.22-A-minimalist-and-clean-representation-of-the-company-CholloPhone-inspired-by-the-aesthetics-of-Apple.-The-image-should-feature-a-sleek-white-envir.webp 360w\" sizes=\"(max-width: 480px) 150px\" src=\"https:\/\/chollophone.com\/wp-content\/uploads\/2024\/10\/DALL\u00b7E-2024-10-11-10.05.22-A-minimalist-and-clean-representation-of-the-company-CholloPhone-inspired-by-the-aesthetics-of-Apple.-The-image-should-feature-a-sleek-white-envir.webp\" alt=\"\" class=\"uag-image-2823\" width=\"486\" height=\"497\" title=\"DALL\u00b7E 2024-10-11 10.05.22 - A minimalist and clean representation of the company &#039;CholloPhone&#039;, inspired by the aesthetics of Apple. The image should feature a sleek, white envir\" loading=\"lazy\" role=\"img\"\/><\/figure><\/div>\n\n<div class=\"wp-block-uagb-info-box uagb-block-229f40af uagb-infobox__content-wrap  uagb-infobox-icon-above-title uagb-infobox-image-valign-top\"><div class=\"uagb-ifb-content\"><div class=\"uagb-ifb-title-wrap\"><h2 class=\"uagb-ifb-title\">Because choosing an iPhone Refurbished?<\/h2><\/div><p class=\"uagb-ifb-desc\"><strong>Guaranteed Savings<\/strong>: Get an iPhone refurbished in perfect condition at a fraction of the original price, without compromising quality or performance.<br><strong>Certified Quality<\/strong>: All our iPhones undergo rigorous controls to ensure that they work like new, offering the same premium experience of a device right out of the box.<br><strong>Variety for All Tastes<\/strong>: From the most classic to the most recent, with different capacities and colors, CholloPhone you&#039;ll find the perfect iPhone for you.<br><strong>Guarantee and Trust<\/strong>- We offer a warranty on all of our devices, ensuring your peace of mind on every purchase.<\/p><\/div><\/div><\/div><\/div>\n\n<div class=\"wp-block-uagb-container uagb-layout-flex uagb-block-9d5f4720 alignfull uagb-is-root-container\"><div class=\"uagb-container-inner-blocks-wrap\"><div class=\"wp-block-uagb-container uagb-block-4cd0912d\"><div class=\"wp-block-uagb-info-box uagb-block-e5a06a9b uagb-infobox__content-wrap  uagb-infobox-icon-above-title uagb-infobox-image-valign-top\"><div class=\"uagb-ifb-content\"><div class=\"uagb-ifb-title-wrap\"><h2 class=\"uagb-ifb-title\">Our Mission<\/h2><\/div><p class=\"uagb-ifb-desc\">Our mission is to offer iPhones refurbished excellent quality at affordable prices, ensuring that Apple technology is accessible to all, without compromising performance or reliability. We want to be the number one choice for those who seek an Apple device as new, but at a cost more affordable.<\/p><\/div><\/div><\/div>\n\n<div class=\"wp-block-uagb-image alignright uagb-block-9dc3bcaa wp-block-uagb-image--layout-default wp-block-uagb-image--effect-static wp-block-uagb-image--align-right\"><figure class=\"wp-block-uagb-image__figure\"><img decoding=\"async\" srcset=\"https:\/\/chollophone.com\/wp-content\/uploads\/2024\/10\/b4c9ef1777581e7dbacbb8be6fdbb987-576x1024.jpg ,https:\/\/chollophone.com\/wp-content\/uploads\/2024\/10\/b4c9ef1777581e7dbacbb8be6fdbb987.jpg 780w, https:\/\/chollophone.com\/wp-content\/uploads\/2024\/10\/b4c9ef1777581e7dbacbb8be6fdbb987.jpg 360w\" sizes=\"(max-width: 480px) 150px\" src=\"https:\/\/chollophone.com\/wp-content\/uploads\/2024\/10\/b4c9ef1777581e7dbacbb8be6fdbb987-576x1024.jpg\" alt=\"\" class=\"uag-image-2824\" width=\"486\" height=\"497\" title=\"b4c9ef1777581e7dbacbb8be6fdbb987\" loading=\"lazy\" role=\"img\"\/><\/figure><\/div><\/div><\/div><\/div><\/div><div class=\"wp-block-uagb-container uagb-layout-grid uagb-block-b1581bca alignfull uagb-is-root-container\"><div class=\"uagb-container-inner-blocks-wrap\"><div class=\"wp-block-uagb-image uagb-block-263bd894 wp-block-uagb-image--layout-default wp-block-uagb-image--effect-static wp-block-uagb-image--align-none\"><figure class=\"wp-block-uagb-image__figure\"><img decoding=\"async\" srcset=\"https:\/\/chollophone.com\/wp-content\/uploads\/2024\/10\/069d945816cb89228fa4b3c299034b15.jpg ,https:\/\/chollophone.com\/wp-content\/uploads\/2024\/10\/069d945816cb89228fa4b3c299034b15.jpg 780w, https:\/\/chollophone.com\/wp-content\/uploads\/2024\/10\/069d945816cb89228fa4b3c299034b15.jpg 360w\" sizes=\"(max-width: 480px) 150px\" src=\"https:\/\/chollophone.com\/wp-content\/uploads\/2024\/10\/069d945816cb89228fa4b3c299034b15.jpg\" alt=\"\" class=\"uag-image-2828\" width=\"736\" height=\"1308\" title=\"069d945816cb89228fa4b3c299034b15\" loading=\"lazy\" role=\"img\"\/><\/figure><\/div>\n\n<div class=\"wp-block-uagb-container uagb-block-e0f446b1\"><div class=\"wp-block-uagb-info-box uagb-block-72064f7b uagb-infobox__content-wrap  uagb-infobox-icon-above-title uagb-infobox-image-valign-top\"><div class=\"uagb-ifb-content\"><div class=\"uagb-ifb-title-wrap\"><h2 class=\"uagb-ifb-title\">iPhones Refurbished Premium<\/h2><\/div><p class=\"uagb-ifb-desc\"><strong>Parts 100% original<\/strong>: All iPhones refurbished that we offer come with original pieces of Apple, ensuring durability and optimum performance.<br><br><strong>Packing premium<\/strong>- Each device comes packaged carefully in a box similar to the original, with its essential accessories, to enjoy a buying experience flawless.<\/p><\/div><\/div>\n\n<div class=\"wp-block-uagb-social-share uagb-social-share__outer-wrap uagb-social-share__layout-horizontal uagb-block-e746da26\"><div class=\"wp-block-uagb-social-share-child uagb-ss-repeater uagb-ss__wrapper uagb-block-144b2d31\"><span class=\"uagb-ss__link\" data-href=\"https:\/\/www.facebook.com\/sharer.php?u=\" tabindex=\"0\" role=\"button\" aria-label=\"facebook\"><span class=\"uagb-ss__source-wrap\"><span class=\"uagb-ss__source-icon\"><svg xmlns=\"https:\/\/www.w3.org\/2000\/svg\" viewbox=\"0 0 448 512\"><path d=\"M224.1 141c-63.6 0-114.9 51.3-114.9 114.9s51.3 114.9 114.9 114.9S339 319.5 339 255.9 287.7 141 224.1 141zm0 189.6c-41.1 0-74.7-33.5-74.7-74.7s33.5-74.7 74.7-74.7 74.7 33.5 74.7 74.7-33.6 74.7-74.7 74.7zm146.4-194.3c0 14.9-12 26.8-26.8 26.8-14.9 0-26.8-12-26.8-26.8s12-26.8 26.8-26.8 26.8 12 26.8 26.8zm76.1 27.2c-1.7-35.9-9.9-67.7-36.2-93.9-26.2-26.2-58-34.4-93.9-36.2-37-2.1-147.9-2.1-184.9 0-35.8 1.7-67.6 9.9-93.9 36.1s-34.4 58-36.2 93.9c-2.1 37-2.1 147.9 0 184.9 1.7 35.9 9.9 67.7 36.2 93.9s58 34.4 93.9 36.2c37 2.1 147.9 2.1 184.9 0 35.9-1.7 67.7-9.9 93.9-36.2 26.2-26.2 34.4-58 36.2-93.9 2.1-37 2.1-147.8 0-184.8zM398.8 388c-7.8 19.6-22.9 34.7-42.6 42.6-29.5 11.7-99.5 9-132.1 9s-102.7 2.6-132.1-9c-19.6-7.8-34.7-22.9-42.6-42.6-11.7-29.5-9-99.5-9-132.1s-2.6-102.7 9-132.1c7.8-19.6 22.9-34.7 42.6-42.6 29.5-11.7 99.5-9 132.1-9s102.7-2.6 132.1 9c19.6 7.8 34.7 22.9 42.6 42.6 11.7 29.5 9 99.5 9 132.1s2.7 102.7-9 132.1z\"><\/path><\/svg><\/span><\/span><\/span><\/div>\n\n<div class=\"wp-block-uagb-social-share-child uagb-ss-repeater uagb-ss__wrapper uagb-block-167519df\"><span class=\"uagb-ss__link\" data-href=\"https:\/\/twitter.com\/share?url=\" tabindex=\"0\" role=\"button\" aria-label=\"twitter\"><span class=\"uagb-ss__source-wrap\"><span class=\"uagb-ss__source-icon\"><svg xmlns=\"https:\/\/www.w3.org\/2000\/svg\" viewbox=\"0 0 448 512\"><path d=\"M448 209.9a210.1 210.1 0 0 1 -122.8-39.25V349.4A162.6 162.6 0 1 1 185 188.3V278.2a74.62 74.62 0 1 0 52.23 71.18V0l88 0a121.2 121.2 0 0 0 1.86 22.17h0A122.2 122.2 0 0 0 381 102.4a121.4 121.4 0 0 0 67 20.14z\"><\/path><\/svg><\/span><\/span><\/span><\/div>\n\n<div class=\"wp-block-uagb-social-share-child uagb-ss-repeater uagb-ss__wrapper uagb-block-377c8ab7\"><span class=\"uagb-ss__link\" data-href=\"https:\/\/pinterest.com\/pin\/create\/link\/?url=\" tabindex=\"0\" role=\"button\" aria-label=\"pinterest\"><span class=\"uagb-ss__source-wrap\"><span class=\"uagb-ss__source-icon\"><svg xmlns=\"https:\/\/www.w3.org\/2000\/svg\" viewbox=\"0 0 576 512\"><path d=\"M549.7 124.1c-6.281-23.65-24.79-42.28-48.28-48.6C458.8 64 288 64 288 64S117.2 64 74.63 75.49c-23.5 6.322-42 24.95-48.28 48.6-11.41 42.87-11.41 132.3-11.41 132.3s0 89.44 11.41 132.3c6.281 23.65 24.79 41.5 48.28 47.82C117.2 448 288 448 288 448s170.8 0 213.4-11.49c23.5-6.321 42-24.17 48.28-47.82 11.41-42.87 11.41-132.3 11.41-132.3s0-89.44-11.41-132.3zm-317.5 213.5V175.2l142.7 81.21-142.7 81.2z\"><\/path><\/svg><\/span><\/span><\/span><\/div><\/div><\/div><\/div><\/div><div class=\"wp-block-uagb-info-box uagb-block-6f4011ff uagb-infobox__content-wrap  uagb-infobox-icon-above-title uagb-infobox-image-valign-top\"><div class=\"uagb-ifb-content\"><div class=\"uagb-ifb-icon-wrap\"><svg xmlns=\"https:\/\/www.w3.org\/2000\/svg\" viewbox=\"0 0 448 512\"><path d=\"M224.1 141c-63.6 0-114.9 51.3-114.9 114.9s51.3 114.9 114.9 114.9S339 319.5 339 255.9 287.7 141 224.1 141zm0 189.6c-41.1 0-74.7-33.5-74.7-74.7s33.5-74.7 74.7-74.7 74.7 33.5 74.7 74.7-33.6 74.7-74.7 74.7zm146.4-194.3c0 14.9-12 26.8-26.8 26.8-14.9 0-26.8-12-26.8-26.8s12-26.8 26.8-26.8 26.8 12 26.8 26.8zm76.1 27.2c-1.7-35.9-9.9-67.7-36.2-93.9-26.2-26.2-58-34.4-93.9-36.2-37-2.1-147.9-2.1-184.9 0-35.8 1.7-67.6 9.9-93.9 36.1s-34.4 58-36.2 93.9c-2.1 37-2.1 147.9 0 184.9 1.7 35.9 9.9 67.7 36.2 93.9s58 34.4 93.9 36.2c37 2.1 147.9 2.1 184.9 0 35.9-1.7 67.7-9.9 93.9-36.2 26.2-26.2 34.4-58 36.2-93.9 2.1-37 2.1-147.8 0-184.8zM398.8 388c-7.8 19.6-22.9 34.7-42.6 42.6-29.5 11.7-99.5 9-132.1 9s-102.7 2.6-132.1-9c-19.6-7.8-34.7-22.9-42.6-42.6-11.7-29.5-9-99.5-9-132.1s-2.6-102.7 9-132.1c7.8-19.6 22.9-34.7 42.6-42.6 29.5-11.7 99.5-9 132.1-9s102.7-2.6 132.1 9c19.6 7.8 34.7 22.9 42.6 42.6 11.7 29.5 9 99.5 9 132.1s2.7 102.7-9 132.1z\"><\/path><\/svg><\/div><div class=\"uagb-ifb-title-wrap\"><h3 class=\"uagb-ifb-title\">We Are CholloPhone<\/h3><\/div><\/div><\/div><div class=\"wp-block-uagb-container uagb-block-1fc74e82 alignfull uagb-is-root-container\"><div class=\"wp-block-uagb-image uagb-block-cb4ed534 wp-block-uagb-image--layout-default wp-block-uagb-image--effect-static wp-block-uagb-image--align-none\"><figure class=\"wp-block-uagb-image__figure\"><img decoding=\"async\" srcset=\"https:\/\/chollophone.com\/wp-content\/uploads\/2024\/10\/Diseno-sin-titulo-56-1024x284.png ,https:\/\/chollophone.com\/wp-content\/uploads\/2024\/10\/Diseno-sin-titulo-56.png 780w, https:\/\/chollophone.com\/wp-content\/uploads\/2024\/10\/Diseno-sin-titulo-56.png 360w\" sizes=\"(max-width: 480px) 150px\" src=\"https:\/\/chollophone.com\/wp-content\/uploads\/2024\/10\/Diseno-sin-titulo-56-1024x284.png\" alt=\"\" class=\"uag-image-2795\" width=\"1024\" height=\"284\" title=\"Design untitled (56)\" loading=\"lazy\" role=\"img\"\/><\/figure><\/div><\/div>","protected":false},"excerpt":{"rendered":"<p>CholloPhone: el iPhone que quieres, al precio que necesitas. En CholloPhone, te ofrecemos iPhones reacondicionados con la misma calidad y desempe\u00f1o que un dispositivo nuevo. Cada iPhone reacondicionado pasa por rigurosos procesos de revisi\u00f3n y restauraci\u00f3n para asegurar que funcione como si estuviera reci\u00e9n salido de f\u00e1brica.<\/p>","protected":false},"author":1,"featured_media":0,"parent":0,"menu_order":0,"comment_status":"closed","ping_status":"closed","template":"","meta":{"_surecart_dashboard_logo_width":"180px","_surecart_dashboard_show_logo":true,"_surecart_dashboard_navigation_orders":true,"_surecart_dashboard_navigation_invoices":true,"_surecart_dashboard_navigation_subscriptions":true,"_surecart_dashboard_navigation_downloads":true,"_surecart_dashboard_navigation_billing":true,"_surecart_dashboard_navigation_account":true,"_uag_custom_page_level_css":"","_monsterinsights_skip_tracking":false,"_monsterinsights_sitenote_active":false,"_monsterinsights_sitenote_note":"","_monsterinsights_sitenote_category":0,"site-sidebar-layout":"no-sidebar","site-content-layout":"plain-container","ast-site-content-layout":"normal-width-container","site-content-style":"unboxed","site-sidebar-style":"unboxed","ast-global-header-display":"","ast-banner-title-visibility":"","ast-main-header-display":"","ast-hfb-above-header-display":"","ast-hfb-below-header-display":"","ast-hfb-mobile-header-display":"","site-post-title":"disabled","ast-breadcrumbs-content":"","ast-featured-img":"disabled","footer-sml-layout":"","theme-transparent-header-meta":"default","adv-header-id-meta":"","stick-header-meta":"","header-above-stick-meta":"","header-main-stick-meta":"","header-below-stick-meta":"","astra-migrate-meta-layouts":"set","ast-page-background-enabled":"default","ast-page-background-meta":{"desktop":{"background-color":"var(--ast-global-color-4)","background-image":"","background-repeat":"repeat","background-position":"center center","background-size":"auto","background-attachment":"scroll","background-type":"","background-media":"","overlay-type":"","overlay-color":"","overlay-opacity":"","overlay-gradient":""},"tablet":{"background-color":"","background-image":"","background-repeat":"repeat","background-position":"center center","background-size":"auto","background-attachment":"scroll","background-type":"","background-media":"","overlay-type":"","overlay-color":"","overlay-opacity":"","overlay-gradient":""},"mobile":{"background-color":"","background-image":"","background-repeat":"repeat","background-position":"center center","background-size":"auto","background-attachment":"scroll","background-type":"","background-media":"","overlay-type":"","overlay-color":"","overlay-opacity":"","overlay-gradient":""}},"ast-content-background-meta":{"desktop":{"background-color":"var(--ast-global-color-5)","background-image":"","background-repeat":"repeat","background-position":"center center","background-size":"auto","background-attachment":"scroll","background-type":"","background-media":"","overlay-type":"","overlay-color":"","overlay-opacity":"","overlay-gradient":""},"tablet":{"background-color":"var(--ast-global-color-5)","background-image":"","background-repeat":"repeat","background-position":"center center","background-size":"auto","background-attachment":"scroll","background-type":"","background-media":"","overlay-type":"","overlay-color":"","overlay-opacity":"","overlay-gradient":""},"mobile":{"background-color":"var(--ast-global-color-5)","background-image":"","background-repeat":"repeat","background-position":"center center","background-size":"auto","background-attachment":"scroll","background-type":"","background-media":"","overlay-type":"","overlay-color":"","overlay-opacity":"","overlay-gradient":""}},"footnotes":""},"class_list":["post-328","page","type-page","status-publish","hentry"],"aioseo_notices":[],"uagb_featured_image_src":{"full":false,"thumbnail":false,"medium":false,"medium_large":false,"large":false,"1536x1536":false,"2048x2048":false,"trp-custom-language-flag":false,"woocommerce_thumbnail":false,"woocommerce_single":false,"woocommerce_gallery_thumbnail":false,"variation_swatches_image_size":false,"variation_swatches_tooltip_size":false},"uagb_author_info":{"display_name":"","author_link":"https:\/\/chollophone.com\/en\/author\/sergioasbecaicloud-com\/"},"uagb_comment_info":0,"uagb_excerpt":"CholloPhone: el iPhone que quieres, al precio que necesitas. En CholloPhone, te ofrecemos iPhones reacondicionados con la misma calidad y desempe\u00f1o que un dispositivo nuevo. Cada iPhone reacondicionado pasa por rigurosos procesos de revisi\u00f3n y restauraci\u00f3n para asegurar que funcione como si estuviera reci\u00e9n salido de f\u00e1brica.","_links":{"self":[{"href":"https:\/\/chollophone.com\/en\/wp-json\/wp\/v2\/pages\/328"}],"collection":[{"href":"https:\/\/chollophone.com\/en\/wp-json\/wp\/v2\/pages"}],"about":[{"href":"https:\/\/chollophone.com\/en\/wp-json\/wp\/v2\/types\/page"}],"author":[{"embeddable":true,"href":"https:\/\/chollophone.com\/en\/wp-json\/wp\/v2\/users\/1"}],"replies":[{"embeddable":true,"href":"https:\/\/chollophone.com\/en\/wp-json\/wp\/v2\/comments?post=328"}],"version-history":[{"count":7,"href":"https:\/\/chollophone.com\/en\/wp-json\/wp\/v2\/pages\/328\/revisions"}],"predecessor-version":[{"id":2834,"href":"https:\/\/chollophone.com\/en\/wp-json\/wp\/v2\/pages\/328\/revisions\/2834"}],"wp:attachment":[{"href":"https:\/\/chollophone.com\/en\/wp-json\/wp\/v2\/media?parent=328"}],"curies":[{"name":"wp","href":"https:\/\/api.w.org\/{rel}","templated":true}]}}